{"id":14110,"date":"2023-01-31T15:29:06","date_gmt":"2023-01-31T18:29:06","guid":{"rendered":"https:\/\/ecole601.com\/?page_id=14110"},"modified":"2023-06-13T12:50:22","modified_gmt":"2023-06-13T15:50:22","slug":"videotheque","status":"publish","type":"page","link":"https:\/\/ecole601.com\/pt-br\/videotheque\/","title":{"rendered":"Vid\u00e9oth\u00e8que"},"content":{"rendered":"<style>.kadence-column_1cfac4-0b > .kt-inside-inner-col,.kadence-column_1cfac4-0b > .kt-inside-inner-col:before{border-top-left-radius:0px;border-top-right-radius:0px;border-bottom-right-radius:0px;border-bottom-left-radius:0px;}.kadence-column_1cfac4-0b > .kt-inside-inner-col{column-gap:var(--global-kb-gap-sm, 1rem);}.kadence-column_1cfac4-0b > .kt-inside-inner-col{flex-direction:column;}.kadence-column_1cfac4-0b > .kt-inside-inner-col > .aligncenter{width:100%;}.kadence-column_1cfac4-0b > .kt-inside-inner-col:before{opacity:0.3;}.kadence-column_1cfac4-0b{position:relative;}@media all and (max-width: 1024px){.kadence-column_1cfac4-0b > .kt-inside-inner-col{flex-direction:column;justify-content:center;}}@media all and (max-width: 767px){.kadence-column_1cfac4-0b > .kt-inside-inner-col{flex-direction:column;justify-content:center;}}<\/style>\n<div class=\"wp-block-kadence-column kadence-column_1cfac4-0b\"><div class=\"kt-inside-inner-col\"><style>.wp-block-kadence-advancedheading.kt-adv-heading_ba7f16-a5, .wp-block-kadence-advancedheading.kt-adv-heading_ba7f16-a5[data-kb-block=\"kb-adv-heading_ba7f16-a5\"]{margin-top:var(--global-kb-spacing-md, 2rem);text-align:center;font-style:normal;}.wp-block-kadence-advancedheading.kt-adv-heading_ba7f16-a5 mark.kt-highlight, .wp-block-kadence-advancedheading.kt-adv-heading_ba7f16-a5[data-kb-block=\"kb-adv-heading_ba7f16-a5\"] mark.kt-highlight{font-style:normal;color:#f76a0c;-webkit-box-decoration-break:clone;box-decoration-break:clone;padding-top:0px;padding-right:0px;padding-bottom:0px;padding-left:0px;}<\/style>\n<h1 class=\"kt-adv-heading_ba7f16-a5 wp-block-kadence-advancedheading has-kb-palette-15-color has-text-color\" data-kb-block=\"kb-adv-heading_ba7f16-a5\">Pratique seu entendimento, com o melhor do YouTube<\/h1>\n<\/div><\/div>\n\n\n<style>.kadence-column_db29bc-c8 > .kt-inside-inner-col,.kadence-column_db29bc-c8 > .kt-inside-inner-col:before{border-top-left-radius:0px;border-top-right-radius:0px;border-bottom-right-radius:0px;border-bottom-left-radius:0px;}.kadence-column_db29bc-c8 > .kt-inside-inner-col{column-gap:var(--global-kb-gap-sm, 1rem);}.kadence-column_db29bc-c8 > .kt-inside-inner-col{flex-direction:column;}.kadence-column_db29bc-c8 > .kt-inside-inner-col > .aligncenter{width:100%;}.kadence-column_db29bc-c8 > .kt-inside-inner-col:before{opacity:0.3;}.kadence-column_db29bc-c8{position:relative;}@media all and (max-width: 1024px){.kadence-column_db29bc-c8 > .kt-inside-inner-col{flex-direction:column;justify-content:center;}}@media all and (max-width: 767px){.kadence-column_db29bc-c8 > .kt-inside-inner-col{flex-direction:column;justify-content:center;}}<\/style>\n<div class=\"wp-block-kadence-column kadence-column_db29bc-c8\"><div class=\"kt-inside-inner-col\"><\/div><\/div>\n\n\n<style>.kadence-column_ed99b5-36{max-width:700px;margin-left:auto;margin-right:auto;}.wp-block-kadence-column.kb-section-dir-horizontal:not(.kb-section-md-dir-vertical)>.kt-inside-inner-col>.kadence-column_ed99b5-36{-webkit-flex:0 1 700px;flex:0 1 700px;max-width:unset;margin-left:unset;margin-right:unset;}.kadence-column_ed99b5-36 > .kt-inside-inner-col,.kadence-column_ed99b5-36 > .kt-inside-inner-col:before{border-top-left-radius:35px;border-top-right-radius:35px;border-bottom-right-radius:35px;border-bottom-left-radius:35px;}.kadence-column_ed99b5-36 > .kt-inside-inner-col{column-gap:var(--global-kb-gap-sm, 1rem);}.kadence-column_ed99b5-36 > .kt-inside-inner-col{flex-direction:column;}.kadence-column_ed99b5-36 > .kt-inside-inner-col > .aligncenter{width:100%;}.kadence-column_ed99b5-36 > .kt-inside-inner-col:before{opacity:0.3;}.kadence-column_ed99b5-36{position:relative;}@media all and (min-width: 1025px){.wp-block-kadence-column.kb-section-dir-horizontal>.kt-inside-inner-col>.kadence-column_ed99b5-36{-webkit-flex:0 1 700px;flex:0 1 700px;max-width:unset;margin-left:unset;margin-right:unset;}}@media all and (max-width: 1024px){.kadence-column_ed99b5-36 > .kt-inside-inner-col{flex-direction:column;justify-content:center;}}@media all and (max-width: 767px){.wp-block-kadence-column.kb-section-sm-dir-vertical:not(.kb-section-sm-dir-horizontal):not(.kb-section-sm-dir-specificity)>.kt-inside-inner-col>.kadence-column_ed99b5-36{max-width:700px;-webkit-flex:1;flex:1;margin-left:auto;margin-right:auto;}.kadence-column_ed99b5-36 > .kt-inside-inner-col{flex-direction:column;justify-content:center;}}<\/style>\n<div class=\"wp-block-kadence-column kadence-column_ed99b5-36\"><div class=\"kt-inside-inner-col\"><style>.wp-block-kadence-advancedheading.kt-adv-heading_1df2bb-9a, .wp-block-kadence-advancedheading.kt-adv-heading_1df2bb-9a[data-kb-block=\"kb-adv-heading_1df2bb-9a\"]{padding-top:var(--global-kb-spacing-xxs, 0.5rem);padding-bottom:var(--global-kb-spacing-xxs, 0.5rem);text-align:center;font-style:normal;border-top:5px solid #a8dadc;border-right:5px solid #a8dadc;border-bottom:5px solid #a8dadc;border-left:5px solid #a8dadc;border-top-left-radius:153px;border-top-right-radius:153px;border-bottom-right-radius:153px;border-bottom-left-radius:153px;}.wp-block-kadence-advancedheading.kt-adv-heading_1df2bb-9a mark.kt-highlight, .wp-block-kadence-advancedheading.kt-adv-heading_1df2bb-9a[data-kb-block=\"kb-adv-heading_1df2bb-9a\"] mark.kt-highlight{font-style:normal;color:#f76a0c;-webkit-box-decoration-break:clone;box-decoration-break:clone;padding-top:0px;padding-right:0px;padding-bottom:0px;padding-left:0px;}@media all and (max-width: 1024px){.wp-block-kadence-advancedheading.kt-adv-heading_1df2bb-9a, .wp-block-kadence-advancedheading.kt-adv-heading_1df2bb-9a[data-kb-block=\"kb-adv-heading_1df2bb-9a\"]{border-top:5px solid #a8dadc;border-right:5px solid #a8dadc;border-bottom:5px solid #a8dadc;border-left:5px solid #a8dadc;}}@media all and (max-width: 767px){.wp-block-kadence-advancedheading.kt-adv-heading_1df2bb-9a, .wp-block-kadence-advancedheading.kt-adv-heading_1df2bb-9a[data-kb-block=\"kb-adv-heading_1df2bb-9a\"]{border-top:5px solid #a8dadc;border-right:5px solid #a8dadc;border-bottom:5px solid #a8dadc;border-left:5px solid #a8dadc;}}<\/style>\n<h2 class=\"kt-adv-heading_1df2bb-9a wp-block-kadence-advancedheading has-kb-palette-11-color has-text-color has-kb-palette-15-background-color has-background\" data-kb-block=\"kb-adv-heading_1df2bb-9a\">Iniciantes<\/h2>\n<\/div><\/div>\n\n\n<p>[aiovg_videos tag=&#8221;141&#8243;]<\/p>\n\n\n<style>.kadence-column_ebc245-84{max-width:700px;margin-left:auto;margin-right:auto;}.wp-block-kadence-column.kb-section-dir-horizontal:not(.kb-section-md-dir-vertical)>.kt-inside-inner-col>.kadence-column_ebc245-84{-webkit-flex:0 1 700px;flex:0 1 700px;max-width:unset;margin-left:unset;margin-right:unset;}.kadence-column_ebc245-84 > .kt-inside-inner-col,.kadence-column_ebc245-84 > .kt-inside-inner-col:before{border-top-left-radius:35px;border-top-right-radius:35px;border-bottom-right-radius:35px;border-bottom-left-radius:35px;}.kadence-column_ebc245-84 > .kt-inside-inner-col{column-gap:var(--global-kb-gap-sm, 1rem);}.kadence-column_ebc245-84 > .kt-inside-inner-col{flex-direction:column;}.kadence-column_ebc245-84 > .kt-inside-inner-col > .aligncenter{width:100%;}.kadence-column_ebc245-84 > .kt-inside-inner-col:before{opacity:0.3;}.kadence-column_ebc245-84{position:relative;}@media all and (min-width: 1025px){.wp-block-kadence-column.kb-section-dir-horizontal>.kt-inside-inner-col>.kadence-column_ebc245-84{-webkit-flex:0 1 700px;flex:0 1 700px;max-width:unset;margin-left:unset;margin-right:unset;}}@media all and (max-width: 1024px){.kadence-column_ebc245-84 > .kt-inside-inner-col{flex-direction:column;justify-content:center;}}@media all and (max-width: 767px){.wp-block-kadence-column.kb-section-sm-dir-vertical:not(.kb-section-sm-dir-horizontal):not(.kb-section-sm-dir-specificity)>.kt-inside-inner-col>.kadence-column_ebc245-84{max-width:700px;-webkit-flex:1;flex:1;margin-left:auto;margin-right:auto;}.kadence-column_ebc245-84 > .kt-inside-inner-col{flex-direction:column;justify-content:center;}}<\/style>\n<div class=\"wp-block-kadence-column kadence-column_ebc245-84\"><div class=\"kt-inside-inner-col\"><style>.wp-block-kadence-advancedheading.kt-adv-heading_530d87-13, .wp-block-kadence-advancedheading.kt-adv-heading_530d87-13[data-kb-block=\"kb-adv-heading_530d87-13\"]{padding-top:var(--global-kb-spacing-xxs, 0.5rem);padding-bottom:var(--global-kb-spacing-xxs, 0.5rem);text-align:center;font-style:normal;border-top:5px solid #a8dadc;border-right:5px solid #a8dadc;border-bottom:5px solid #a8dadc;border-left:5px solid #a8dadc;border-top-left-radius:153px;border-top-right-radius:153px;border-bottom-right-radius:153px;border-bottom-left-radius:153px;}.wp-block-kadence-advancedheading.kt-adv-heading_530d87-13 mark.kt-highlight, .wp-block-kadence-advancedheading.kt-adv-heading_530d87-13[data-kb-block=\"kb-adv-heading_530d87-13\"] mark.kt-highlight{font-style:normal;color:#f76a0c;-webkit-box-decoration-break:clone;box-decoration-break:clone;padding-top:0px;padding-right:0px;padding-bottom:0px;padding-left:0px;}@media all and (max-width: 1024px){.wp-block-kadence-advancedheading.kt-adv-heading_530d87-13, .wp-block-kadence-advancedheading.kt-adv-heading_530d87-13[data-kb-block=\"kb-adv-heading_530d87-13\"]{border-top:5px solid #a8dadc;border-right:5px solid #a8dadc;border-bottom:5px solid #a8dadc;border-left:5px solid #a8dadc;}}@media all and (max-width: 767px){.wp-block-kadence-advancedheading.kt-adv-heading_530d87-13, .wp-block-kadence-advancedheading.kt-adv-heading_530d87-13[data-kb-block=\"kb-adv-heading_530d87-13\"]{border-top:5px solid #a8dadc;border-right:5px solid #a8dadc;border-bottom:5px solid #a8dadc;border-left:5px solid #a8dadc;}}<\/style>\n<h2 class=\"kt-adv-heading_530d87-13 wp-block-kadence-advancedheading has-kb-palette-11-color has-text-color has-kb-palette-15-background-color has-background\" data-kb-block=\"kb-adv-heading_530d87-13\">Intermedi\u00e1rio<\/h2>\n<\/div><\/div>\n\n\n<p>[aiovg_videos tag=&#8221;142&#8243;]<\/p>\n","protected":false},"excerpt":{"rendered":"<p>Pratique seu entendimento, com o melhor do YouTube Iniciantes Intermedi\u00e1rio<\/p>\n","protected":false},"author":1,"featured_media":0,"parent":0,"menu_order":0,"comment_status":"closed","ping_status":"closed","template":"page-fullwidth-content.php","meta":{"site-sidebar-layout":"default","site-content-layout":"","ast-site-content-layout":"default","site-content-style":"default","site-sidebar-style":"default","ast-global-header-display":"","ast-banner-title-visibility":"","ast-main-header-display":"","ast-hfb-above-header-display":"","ast-hfb-below-header-display":"","ast-hfb-mobile-header-display":"","site-post-title":"","ast-breadcrumbs-content":"","ast-featured-img":"","footer-sml-layout":"","theme-transparent-header-meta":"","adv-header-id-meta":"","stick-header-meta":"","header-above-stick-meta":"","header-main-stick-meta":"","header-below-stick-meta":"","astra-migrate-meta-layouts":"default","ast-page-background-enabled":"default","ast-page-background-meta":{"desktop":{"background-color":"","background-image":"","background-repeat":"repeat","background-position":"center center","background-size":"auto","background-attachment":"scroll","background-type":"","background-media":"","overlay-type":"","overlay-color":"","overlay-opacity":"","overlay-gradient":""},"tablet":{"background-color":"","background-image":"","background-repeat":"repeat","background-position":"center center","background-size":"auto","background-attachment":"scroll","background-type":"","background-media":"","overlay-type":"","overlay-color":"","overlay-opacity":"","overlay-gradient":""},"mobile":{"background-color":"","background-image":"","background-repeat":"repeat","background-position":"center center","background-size":"auto","background-attachment":"scroll","background-type":"","background-media":"","overlay-type":"","overlay-color":"","overlay-opacity":"","overlay-gradient":""}},"ast-content-background-meta":{"desktop":{"background-color":"var(--ast-global-color-5)","background-image":"","background-repeat":"repeat","background-position":"center center","background-size":"auto","background-attachment":"scroll","background-type":"","background-media":"","overlay-type":"","overlay-color":"","overlay-opacity":"","overlay-gradient":""},"tablet":{"background-color":"var(--ast-global-color-5)","background-image":"","background-repeat":"repeat","background-position":"center center","background-size":"auto","background-attachment":"scroll","background-type":"","background-media":"","overlay-type":"","overlay-color":"","overlay-opacity":"","overlay-gradient":""},"mobile":{"background-color":"var(--ast-global-color-5)","background-image":"","background-repeat":"repeat","background-position":"center center","background-size":"auto","background-attachment":"scroll","background-type":"","background-media":"","overlay-type":"","overlay-color":"","overlay-opacity":"","overlay-gradient":""}},"footnotes":""},"class_list":["post-14110","page","type-page","status-publish","hentry"],"yoast_head":"<!-- This site is optimized with the Yoast SEO plugin v24.0 - https:\/\/yoast.com\/wordpress\/plugins\/seo\/ -->\n<title>Vid\u00e9oth\u00e8que - Ecole 601<\/title>\n<meta name=\"robots\" content=\"index, follow, max-snippet:-1, max-image-preview:large, max-video-preview:-1\" \/>\n<link rel=\"canonical\" href=\"https:\/\/ecole601.com\/pt-br\/videotheque\/\" \/>\n<meta property=\"og:locale\" content=\"pt_PT\" \/>\n<meta property=\"og:type\" content=\"article\" \/>\n<meta property=\"og:title\" content=\"Vid\u00e9oth\u00e8que - Ecole 601\" \/>\n<meta property=\"og:description\" content=\"Pratique seu entendimento, com o melhor do YouTube Iniciantes Intermedi\u00e1rio\" \/>\n<meta property=\"og:url\" content=\"https:\/\/ecole601.com\/pt-br\/videotheque\/\" \/>\n<meta property=\"og:site_name\" content=\"Ecole 601\" \/>\n<meta property=\"article:publisher\" content=\"https:\/\/www.facebook.com\/ecole601fr\" \/>\n<meta property=\"article:modified_time\" content=\"2023-06-13T15:50:22+00:00\" \/>\n<meta property=\"og:image\" content=\"https:\/\/ecole601.com\/wp-content\/uploads\/2023\/01\/presentation-plateforme-ecole-601-1.png\" \/>\n\t<meta property=\"og:image:width\" content=\"1100\" \/>\n\t<meta property=\"og:image:height\" content=\"963\" \/>\n\t<meta property=\"og:image:type\" content=\"image\/png\" \/>\n<meta name=\"twitter:card\" content=\"summary_large_image\" \/>\n<meta name=\"twitter:label1\" content=\"Est. reading time\" \/>\n\t<meta name=\"twitter:data1\" content=\"1 minute\" \/>\n<script type=\"application\/ld+json\" class=\"yoast-schema-graph\">{\"@context\":\"https:\/\/schema.org\",\"@graph\":[{\"@type\":\"WebPage\",\"@id\":\"https:\/\/ecole601.com\/pt-br\/videotheque\/\",\"url\":\"https:\/\/ecole601.com\/pt-br\/videotheque\/\",\"name\":\"Vid\u00e9oth\u00e8que - Ecole 601\",\"isPartOf\":{\"@id\":\"https:\/\/ecole601.com\/pt-br\/#website\"},\"datePublished\":\"2023-01-31T18:29:06+00:00\",\"dateModified\":\"2023-06-13T15:50:22+00:00\",\"breadcrumb\":{\"@id\":\"https:\/\/ecole601.com\/pt-br\/videotheque\/#breadcrumb\"},\"inLanguage\":\"pt-BR\",\"potentialAction\":[{\"@type\":\"ReadAction\",\"target\":[\"https:\/\/ecole601.com\/pt-br\/videotheque\/\"]}]},{\"@type\":\"BreadcrumbList\",\"@id\":\"https:\/\/ecole601.com\/pt-br\/videotheque\/#breadcrumb\",\"itemListElement\":[{\"@type\":\"ListItem\",\"position\":1,\"name\":\"In\u00edcio\",\"item\":\"https:\/\/ecole601.com\/pt-br\/home-page\/\"},{\"@type\":\"ListItem\",\"position\":2,\"name\":\"Vid\u00e9oth\u00e8que\"}]},{\"@type\":\"WebSite\",\"@id\":\"https:\/\/ecole601.com\/pt-br\/#website\",\"url\":\"https:\/\/ecole601.com\/pt-br\/\",\"name\":\"Ecole 601\",\"description\":\"O franc\u00eas, com sucesso\",\"publisher\":{\"@id\":\"https:\/\/ecole601.com\/pt-br\/#organization\"},\"potentialAction\":[{\"@type\":\"SearchAction\",\"target\":{\"@type\":\"EntryPoint\",\"urlTemplate\":\"https:\/\/ecole601.com\/pt-br\/?s={search_term_string}\"},\"query-input\":{\"@type\":\"PropertyValueSpecification\",\"valueRequired\":true,\"valueName\":\"search_term_string\"}}],\"inLanguage\":\"pt-BR\"},{\"@type\":\"Organization\",\"@id\":\"https:\/\/ecole601.com\/pt-br\/#organization\",\"name\":\"Ecole 601\",\"url\":\"https:\/\/ecole601.com\/pt-br\/\",\"logo\":{\"@type\":\"ImageObject\",\"inLanguage\":\"pt-BR\",\"@id\":\"https:\/\/ecole601.com\/pt-br\/#\/schema\/logo\/image\/\",\"url\":\"https:\/\/d2kfx7qtx6eao3.cloudfront.net\/wp-content\/uploads\/2022\/11\/02172437\/cropped-601-logo-500-1.png\",\"contentUrl\":\"https:\/\/d2kfx7qtx6eao3.cloudfront.net\/wp-content\/uploads\/2022\/11\/02172437\/cropped-601-logo-500-1.png\",\"width\":512,\"height\":512,\"caption\":\"Ecole 601\"},\"image\":{\"@id\":\"https:\/\/ecole601.com\/pt-br\/#\/schema\/logo\/image\/\"},\"sameAs\":[\"https:\/\/www.facebook.com\/ecole601fr\",\"https:\/\/www.instagram.com\/ecole_601\/\",\"https:\/\/www.youtube.com\/channel\/UCAjAf3oKoKHEkzqqWbwgr5A\"]}]}<\/script>\n<!-- \/ Yoast SEO plugin. -->","yoast_head_json":{"title":"Vid\u00e9oth\u00e8que - Ecole 601","robots":{"index":"index","follow":"follow","max-snippet":"max-snippet:-1","max-image-preview":"max-image-preview:large","max-video-preview":"max-video-preview:-1"},"canonical":"https:\/\/ecole601.com\/pt-br\/videotheque\/","og_locale":"pt_PT","og_type":"article","og_title":"Vid\u00e9oth\u00e8que - Ecole 601","og_description":"Pratique seu entendimento, com o melhor do YouTube Iniciantes Intermedi\u00e1rio","og_url":"https:\/\/ecole601.com\/pt-br\/videotheque\/","og_site_name":"Ecole 601","article_publisher":"https:\/\/www.facebook.com\/ecole601fr","article_modified_time":"2023-06-13T15:50:22+00:00","og_image":[{"width":1100,"height":963,"url":"https:\/\/ecole601.com\/wp-content\/uploads\/2023\/01\/presentation-plateforme-ecole-601-1.png","type":"image\/png"}],"twitter_card":"summary_large_image","twitter_misc":{"Est. reading time":"1 minute"},"schema":{"@context":"https:\/\/schema.org","@graph":[{"@type":"WebPage","@id":"https:\/\/ecole601.com\/pt-br\/videotheque\/","url":"https:\/\/ecole601.com\/pt-br\/videotheque\/","name":"Vid\u00e9oth\u00e8que - Ecole 601","isPartOf":{"@id":"https:\/\/ecole601.com\/pt-br\/#website"},"datePublished":"2023-01-31T18:29:06+00:00","dateModified":"2023-06-13T15:50:22+00:00","breadcrumb":{"@id":"https:\/\/ecole601.com\/pt-br\/videotheque\/#breadcrumb"},"inLanguage":"pt-BR","potentialAction":[{"@type":"ReadAction","target":["https:\/\/ecole601.com\/pt-br\/videotheque\/"]}]},{"@type":"BreadcrumbList","@id":"https:\/\/ecole601.com\/pt-br\/videotheque\/#breadcrumb","itemListElement":[{"@type":"ListItem","position":1,"name":"In\u00edcio","item":"https:\/\/ecole601.com\/pt-br\/home-page\/"},{"@type":"ListItem","position":2,"name":"Vid\u00e9oth\u00e8que"}]},{"@type":"WebSite","@id":"https:\/\/ecole601.com\/pt-br\/#website","url":"https:\/\/ecole601.com\/pt-br\/","name":"Ecole 601","description":"O franc\u00eas, com sucesso","publisher":{"@id":"https:\/\/ecole601.com\/pt-br\/#organization"},"potentialAction":[{"@type":"SearchAction","target":{"@type":"EntryPoint","urlTemplate":"https:\/\/ecole601.com\/pt-br\/?s={search_term_string}"},"query-input":{"@type":"PropertyValueSpecification","valueRequired":true,"valueName":"search_term_string"}}],"inLanguage":"pt-BR"},{"@type":"Organization","@id":"https:\/\/ecole601.com\/pt-br\/#organization","name":"Ecole 601","url":"https:\/\/ecole601.com\/pt-br\/","logo":{"@type":"ImageObject","inLanguage":"pt-BR","@id":"https:\/\/ecole601.com\/pt-br\/#\/schema\/logo\/image\/","url":"https:\/\/d2kfx7qtx6eao3.cloudfront.net\/wp-content\/uploads\/2022\/11\/02172437\/cropped-601-logo-500-1.png","contentUrl":"https:\/\/d2kfx7qtx6eao3.cloudfront.net\/wp-content\/uploads\/2022\/11\/02172437\/cropped-601-logo-500-1.png","width":512,"height":512,"caption":"Ecole 601"},"image":{"@id":"https:\/\/ecole601.com\/pt-br\/#\/schema\/logo\/image\/"},"sameAs":["https:\/\/www.facebook.com\/ecole601fr","https:\/\/www.instagram.com\/ecole_601\/","https:\/\/www.youtube.com\/channel\/UCAjAf3oKoKHEkzqqWbwgr5A"]}]}},"_links":{"self":[{"href":"https:\/\/ecole601.com\/pt-br\/wp-json\/wp\/v2\/pages\/14110","targetHints":{"allow":["GET"]}}],"collection":[{"href":"https:\/\/ecole601.com\/pt-br\/wp-json\/wp\/v2\/pages"}],"about":[{"href":"https:\/\/ecole601.com\/pt-br\/wp-json\/wp\/v2\/types\/page"}],"author":[{"embeddable":true,"href":"https:\/\/ecole601.com\/pt-br\/wp-json\/wp\/v2\/users\/1"}],"replies":[{"embeddable":true,"href":"https:\/\/ecole601.com\/pt-br\/wp-json\/wp\/v2\/comments?post=14110"}],"version-history":[{"count":18,"href":"https:\/\/ecole601.com\/pt-br\/wp-json\/wp\/v2\/pages\/14110\/revisions"}],"predecessor-version":[{"id":35811,"href":"https:\/\/ecole601.com\/pt-br\/wp-json\/wp\/v2\/pages\/14110\/revisions\/35811"}],"wp:attachment":[{"href":"https:\/\/ecole601.com\/pt-br\/wp-json\/wp\/v2\/media?parent=14110"}],"curies":[{"name":"wp","href":"https:\/\/api.w.org\/{rel}","templated":true}]}}