{"id":41765,"date":"2024-03-19T13:00:03","date_gmt":"2024-03-19T12:00:03","guid":{"rendered":"https:\/\/ecole601.com\/cours\/"},"modified":"2024-03-20T18:33:15","modified_gmt":"2024-03-20T17:33:15","slug":"cours","status":"publish","type":"page","link":"https:\/\/ecole601.com\/pt-br\/cours\/","title":{"rendered":"Cours"},"content":{"rendered":"<style>.wp-block-kadence-advancedheading.kt-adv-heading41746_3f2199-15, .wp-block-kadence-advancedheading.kt-adv-heading41746_3f2199-15[data-kb-block=\"kb-adv-heading41746_3f2199-15\"]{margin-top:var(--global-kb-spacing-sm, 1.5rem);margin-bottom:var(--global-kb-spacing-lg, 3rem);font-style:normal;}.wp-block-kadence-advancedheading.kt-adv-heading41746_3f2199-15 mark.kt-highlight, .wp-block-kadence-advancedheading.kt-adv-heading41746_3f2199-15[data-kb-block=\"kb-adv-heading41746_3f2199-15\"] mark.kt-highlight{font-style:normal;color:#f76a0c;-webkit-box-decoration-break:clone;box-decoration-break:clone;padding-top:0px;padding-right:0px;padding-bottom:0px;padding-left:0px;}@media all and (max-width: 767px){.wp-block-kadence-advancedheading.kt-adv-heading41746_3f2199-15, .wp-block-kadence-advancedheading.kt-adv-heading41746_3f2199-15[data-kb-block=\"kb-adv-heading41746_3f2199-15\"]{margin-top:var(--global-kb-spacing-xxs, 0.5rem);}}<\/style>\n<h2 class=\"kt-adv-heading41746_3f2199-15 wp-block-kadence-advancedheading\" data-kb-block=\"kb-adv-heading41746_3f2199-15\">Les cours :<\/h2>\n\n\n<style>.kadence-column41746_ddb3a5-89 > .kt-inside-inner-col,.kadence-column41746_ddb3a5-89 > .kt-inside-inner-col:before{border-top-left-radius:0px;border-top-right-radius:0px;border-bottom-right-radius:0px;border-bottom-left-radius:0px;}.kadence-column41746_ddb3a5-89 > .kt-inside-inner-col{column-gap:var(--global-kb-gap-sm, 1rem);}.kadence-column41746_ddb3a5-89 > .kt-inside-inner-col{flex-direction:column;}.kadence-column41746_ddb3a5-89 > .kt-inside-inner-col > .aligncenter{width:100%;}.kadence-column41746_ddb3a5-89 > .kt-inside-inner-col:before{opacity:0.3;}.kadence-column41746_ddb3a5-89{position:relative;}.kadence-column41746_ddb3a5-89, .kt-inside-inner-col > .kadence-column41746_ddb3a5-89:not(.specificity){margin-bottom:var(--global-kb-spacing-3xl, 6.5rem);}@media all and (max-width: 1024px){.kadence-column41746_ddb3a5-89 > .kt-inside-inner-col{flex-direction:column;justify-content:center;}}@media all and (max-width: 767px){.kadence-column41746_ddb3a5-89 > .kt-inside-inner-col{flex-direction:column;justify-content:center;}}<\/style>\n<div class=\"wp-block-kadence-column kadence-column41746_ddb3a5-89\"><div class=\"kt-inside-inner-col\"><div class=\"learndash-wrap\"><div id=\"ld-course-list-content-75873a6f50807a486c7fa35443abad07\" class=\"ld-course-list-content\" data-shortcode-atts=\"{&quot;order&quot;:&quot;ASC&quot;,&quot;progress_bar&quot;:&quot;true&quot;,&quot;course_grid&quot;:&quot;true&quot;}\">\n\t\t\t<div class=\"ld-course-list-items row\">\n\t<!-- LearnDash Course Grid v1 --><div class=\"ld_course_grid col-sm-8 col-md-4 \">\n\t<article id=\"post-7918\" class=\" thumbnail course post-7918 sfwd-courses type-sfwd-courses status-publish has-post-thumbnail hentry\">\n\t\t\t\t\t\t\t\t<div class=\"ribbon free\">\n\t\t\t\tGr\u00e1tis\t\t\t<\/div>\n\t\t\t\n\t\t\t\t\t\t<a href=\"https:\/\/ecole601.com\/pt-br\/courses\/desafio-601-global\/\" rel=\"bookmark\">\n\t\t\t\t<img decoding=\"async\" width=\"300\" height=\"157\" src=\"https:\/\/ecole601.com\/wp-content\/uploads\/2023\/06\/featured-french-challenge-601-300x157.png\" class=\"attachment-medium size-medium wp-post-image\" alt=\"\" srcset=\"https:\/\/ecole601.com\/wp-content\/uploads\/2023\/06\/featured-french-challenge-601-300x157.png 300w, https:\/\/ecole601.com\/wp-content\/uploads\/2023\/06\/featured-french-challenge-601-1024x536.png 1024w, https:\/\/ecole601.com\/wp-content\/uploads\/2023\/06\/featured-french-challenge-601-768x402.png 768w, https:\/\/ecole601.com\/wp-content\/uploads\/2023\/06\/featured-french-challenge-601-80x42.png 80w, https:\/\/ecole601.com\/wp-content\/uploads\/2023\/06\/featured-french-challenge-601-100x52.png 100w, https:\/\/ecole601.com\/wp-content\/uploads\/2023\/06\/featured-french-challenge-601.png 1200w\" sizes=\"(max-width: 300px) 100vw, 300px\" \/>\t\t\t<\/a>\n\t\t\t\t\t\n\t\t\t\t\t<div class=\"caption\">\n\t\t\t\t<h3 class=\"entry-title\">Desafio 601<\/h3>\n\t\t\t\t\t\t\t\t<div class=\"entry-content\"><p>O principal curso da School 601 para aprender ou revisar os fundamentos do franc\u00eas. Para iniciantes e intermedi\u00e1rios.<\/p>\n<\/div>\n\t\t\t\t\t\t\t\t<div class=\"ld_course_grid_button\"><a class=\"btn btn-primary\" role=\"button\" href=\"https:\/\/ecole601.com\/pt-br\/courses\/desafio-601-global\/\" rel=\"bookmark\">Continue Study<\/a><\/div>\n\t\t\t\t\t\t\t\t\t\t\t\t\t\t\t\t\t\t\t\t\t\t\t\t\t\t\t<\/div><!-- .entry-header -->\n\t\t\t<\/article><!-- #post-## -->\n<\/div><!-- .ld_course_grid -->\n<!-- LearnDash Course Grid v1 --><div class=\"ld_course_grid col-sm-8 col-md-4 \">\n\t<article id=\"post-23871\" class=\" thumbnail course post-23871 sfwd-courses type-sfwd-courses status-publish has-post-thumbnail hentry\">\n\t\t\t\t\t\n\t\t\t\t\t\t<a href=\"https:\/\/ecole601.com\/pt-br\/courses\/le-passe-avec-le-petit-nicolas\/\" rel=\"bookmark\">\n\t\t\t\t<img decoding=\"async\" width=\"300\" height=\"157\" src=\"https:\/\/ecole601.com\/wp-content\/uploads\/2023\/06\/featured-le-passe-avec-le-petit-nicolas-300x157.png\" class=\"attachment-medium size-medium wp-post-image\" alt=\"\" srcset=\"https:\/\/ecole601.com\/wp-content\/uploads\/2023\/06\/featured-le-passe-avec-le-petit-nicolas-300x157.png 300w, https:\/\/ecole601.com\/wp-content\/uploads\/2023\/06\/featured-le-passe-avec-le-petit-nicolas-1024x536.png 1024w, https:\/\/ecole601.com\/wp-content\/uploads\/2023\/06\/featured-le-passe-avec-le-petit-nicolas-768x402.png 768w, https:\/\/ecole601.com\/wp-content\/uploads\/2023\/06\/featured-le-passe-avec-le-petit-nicolas-80x42.png 80w, https:\/\/ecole601.com\/wp-content\/uploads\/2023\/06\/featured-le-passe-avec-le-petit-nicolas-100x52.png 100w, https:\/\/ecole601.com\/wp-content\/uploads\/2023\/06\/featured-le-passe-avec-le-petit-nicolas.png 1200w\" sizes=\"(max-width: 300px) 100vw, 300px\" \/>\t\t\t<\/a>\n\t\t\t\t\t\n\t\t\t\t\t<div class=\"caption\">\n\t\t\t\t<h3 class=\"entry-title\">Le pass\u00e9 avec Le Petit Nicolas (PT)<\/h3>\n\t\t\t\t\t\t\t\t<div class=\"entry-content\"><p>Um curso de n\u00edvel intermedi\u00e1rio para aprender ou revisitar o passado por meio da hist\u00f3ria de Petit Nicolas.<\/p>\n<\/div>\n\t\t\t\t\t\t\t\t<div class=\"ld_course_grid_button\"><a class=\"btn btn-primary\" role=\"button\" href=\"https:\/\/ecole601.com\/pt-br\/courses\/le-passe-avec-le-petit-nicolas\/\" rel=\"bookmark\">Enroll Now<\/a><\/div>\n\t\t\t\t\t\t\t\t\t\t\t\t\t\t\t\t\t\t\t\t\t\t\t\t\t\t\t<\/div><!-- .entry-header -->\n\t\t\t<\/article><!-- #post-## -->\n<\/div><!-- .ld_course_grid -->\n<!-- LearnDash Course Grid v1 --><div class=\"ld_course_grid col-sm-8 col-md-4 \">\n\t<article id=\"post-36519\" class=\" thumbnail course post-36519 sfwd-courses type-sfwd-courses status-publish has-post-thumbnail hentry\">\n\t\t\t\t\t\t\t\t<div class=\"ribbon\">\n\t\t\t\tGr\u00e1tis\t\t\t<\/div>\n\t\t\t\n\t\t\t\t\t\t<a href=\"https:\/\/ecole601.com\/pt-br\/courses\/teste-de-nivel\/\" rel=\"bookmark\">\n\t\t\t\t<img decoding=\"async\" width=\"300\" height=\"157\" src=\"https:\/\/ecole601.com\/wp-content\/uploads\/2023\/06\/featured-french-test-300x157.png\" class=\"attachment-medium size-medium wp-post-image\" alt=\"\" srcset=\"https:\/\/ecole601.com\/wp-content\/uploads\/2023\/06\/featured-french-test-300x157.png 300w, https:\/\/ecole601.com\/wp-content\/uploads\/2023\/06\/featured-french-test-1024x536.png 1024w, https:\/\/ecole601.com\/wp-content\/uploads\/2023\/06\/featured-french-test-768x402.png 768w, https:\/\/ecole601.com\/wp-content\/uploads\/2023\/06\/featured-french-test-80x42.png 80w, https:\/\/ecole601.com\/wp-content\/uploads\/2023\/06\/featured-french-test-100x52.png 100w, https:\/\/ecole601.com\/wp-content\/uploads\/2023\/06\/featured-french-test.png 1200w\" sizes=\"(max-width: 300px) 100vw, 300px\" \/>\t\t\t<\/a>\n\t\t\t\t\t\n\t\t\t\t\t<div class=\"caption\">\n\t\t\t\t<h3 class=\"entry-title\">Teste de n\u00edvel<\/h3>\n\t\t\t\t\t\t\t\t<div class=\"entry-content\"><p>Um teste de n\u00edvel para descobrir seu n\u00edvel de franc\u00eas. Esse teste dura cerca de 40 minutos e vai at\u00e9 o n\u00edvel C1.<\/p>\n<\/div>\n\t\t\t\t\t\t\t\t<div class=\"ld_course_grid_button\"><a class=\"btn btn-primary\" role=\"button\" href=\"https:\/\/ecole601.com\/pt-br\/courses\/teste-de-nivel\/\" rel=\"bookmark\">Iniciar o teste<\/a><\/div>\n\t\t\t\t\t\t\t\t\t\t\t\t\t\t\t\t\t\t\t\t\t\t\t\t\t\t\t<\/div><!-- .entry-header -->\n\t\t\t<\/article><!-- #post-## -->\n<\/div><!-- .ld_course_grid -->\n\t<\/div>\n\t\t\t<\/div>\n\t\t<\/div><\/div><\/div>\n\n\n<style>.kadence-column41746_88f41f-b8 > .kt-inside-inner-col,.kadence-column41746_88f41f-b8 > .kt-inside-inner-col:before{border-top-left-radius:0px;border-top-right-radius:0px;border-bottom-right-radius:0px;border-bottom-left-radius:0px;}.kadence-column41746_88f41f-b8 > .kt-inside-inner-col{column-gap:var(--global-kb-gap-sm, 1rem);}.kadence-column41746_88f41f-b8 > .kt-inside-inner-col{flex-direction:column;}.kadence-column41746_88f41f-b8 > .kt-inside-inner-col > .aligncenter{width:100%;}.kadence-column41746_88f41f-b8 > .kt-inside-inner-col:before{opacity:0.3;}.kadence-column41746_88f41f-b8{position:relative;}.kadence-column41746_88f41f-b8, .kt-inside-inner-col > .kadence-column41746_88f41f-b8:not(.specificity){margin-bottom:var(--global-kb-spacing-3xl, 6.5rem);}@media all and (max-width: 1024px){.kadence-column41746_88f41f-b8 > .kt-inside-inner-col{flex-direction:column;justify-content:center;}}@media all and (max-width: 767px){.kadence-column41746_88f41f-b8 > .kt-inside-inner-col{flex-direction:column;justify-content:center;}}<\/style>\n<div class=\"wp-block-kadence-column kadence-column41746_88f41f-b8\"><div class=\"kt-inside-inner-col\"><\/div><\/div>\n","protected":false},"excerpt":{"rendered":"<p>Les cours :<\/p>\n","protected":false},"author":1,"featured_media":0,"parent":0,"menu_order":0,"comment_status":"closed","ping_status":"closed","template":"","meta":{"site-sidebar-layout":"default","site-content-layout":"","ast-site-content-layout":"default","site-content-style":"default","site-sidebar-style":"default","ast-global-header-display":"","ast-banner-title-visibility":"","ast-main-header-display":"","ast-hfb-above-header-display":"","ast-hfb-below-header-display":"","ast-hfb-mobile-header-display":"","site-post-title":"","ast-breadcrumbs-content":"","ast-featured-img":"","footer-sml-layout":"","theme-transparent-header-meta":"","adv-header-id-meta":"","stick-header-meta":"","header-above-stick-meta":"","header-main-stick-meta":"","header-below-stick-meta":"","astra-migrate-meta-layouts":"set","ast-page-background-enabled":"default","ast-page-background-meta":{"desktop":{"background-color":"","background-image":"","background-repeat":"repeat","background-position":"center center","background-size":"auto","background-attachment":"scroll","background-type":"","background-media":"","overlay-type":"","overlay-color":"","overlay-opacity":"","overlay-gradient":""},"tablet":{"background-color":"","background-image":"","background-repeat":"repeat","background-position":"center center","background-size":"auto","background-attachment":"scroll","background-type":"","background-media":"","overlay-type":"","overlay-color":"","overlay-opacity":"","overlay-gradient":""},"mobile":{"background-color":"","background-image":"","background-repeat":"repeat","background-position":"center center","background-size":"auto","background-attachment":"scroll","background-type":"","background-media":"","overlay-type":"","overlay-color":"","overlay-opacity":"","overlay-gradient":""}},"ast-content-background-meta":{"desktop":{"background-color":"var(--ast-global-color-5)","background-image":"","background-repeat":"repeat","background-position":"center center","background-size":"auto","background-attachment":"scroll","background-type":"","background-media":"","overlay-type":"","overlay-color":"","overlay-opacity":"","overlay-gradient":""},"tablet":{"background-color":"var(--ast-global-color-5)","background-image":"","background-repeat":"repeat","background-position":"center center","background-size":"auto","background-attachment":"scroll","background-type":"","background-media":"","overlay-type":"","overlay-color":"","overlay-opacity":"","overlay-gradient":""},"mobile":{"background-color":"var(--ast-global-color-5)","background-image":"","background-repeat":"repeat","background-position":"center center","background-size":"auto","background-attachment":"scroll","background-type":"","background-media":"","overlay-type":"","overlay-color":"","overlay-opacity":"","overlay-gradient":""}},"footnotes":""},"class_list":["post-41765","page","type-page","status-publish","hentry"],"yoast_head":"<!-- This site is optimized with the Yoast SEO plugin v24.0 - https:\/\/yoast.com\/wordpress\/plugins\/seo\/ -->\n<title>Cours - Ecole 601<\/title>\n<meta name=\"robots\" content=\"index, follow, max-snippet:-1, max-image-preview:large, max-video-preview:-1\" \/>\n<link rel=\"canonical\" href=\"https:\/\/ecole601.com\/pt-br\/cours\/\" \/>\n<meta property=\"og:locale\" content=\"pt_PT\" \/>\n<meta property=\"og:type\" content=\"article\" \/>\n<meta property=\"og:title\" content=\"Cours - Ecole 601\" \/>\n<meta property=\"og:description\" content=\"Les cours :\" \/>\n<meta property=\"og:url\" content=\"https:\/\/ecole601.com\/pt-br\/cours\/\" \/>\n<meta property=\"og:site_name\" content=\"Ecole 601\" \/>\n<meta property=\"article:publisher\" content=\"https:\/\/www.facebook.com\/ecole601fr\" \/>\n<meta property=\"article:modified_time\" content=\"2024-03-20T17:33:15+00:00\" \/>\n<meta property=\"og:image\" content=\"https:\/\/ecole601.com\/wp-content\/uploads\/2023\/01\/presentation-plateforme-ecole-601-1.png\" \/>\n\t<meta property=\"og:image:width\" content=\"1100\" \/>\n\t<meta property=\"og:image:height\" content=\"963\" \/>\n\t<meta property=\"og:image:type\" content=\"image\/png\" \/>\n<meta name=\"twitter:card\" content=\"summary_large_image\" \/>\n<meta name=\"twitter:label1\" content=\"Est. reading time\" \/>\n\t<meta name=\"twitter:data1\" content=\"1 minute\" \/>\n<script type=\"application\/ld+json\" class=\"yoast-schema-graph\">{\"@context\":\"https:\/\/schema.org\",\"@graph\":[{\"@type\":\"WebPage\",\"@id\":\"https:\/\/ecole601.com\/pt-br\/cours\/\",\"url\":\"https:\/\/ecole601.com\/pt-br\/cours\/\",\"name\":\"Cours - Ecole 601\",\"isPartOf\":{\"@id\":\"https:\/\/ecole601.com\/pt-br\/#website\"},\"datePublished\":\"2024-03-19T12:00:03+00:00\",\"dateModified\":\"2024-03-20T17:33:15+00:00\",\"breadcrumb\":{\"@id\":\"https:\/\/ecole601.com\/pt-br\/cours\/#breadcrumb\"},\"inLanguage\":\"pt-BR\",\"potentialAction\":[{\"@type\":\"ReadAction\",\"target\":[\"https:\/\/ecole601.com\/pt-br\/cours\/\"]}]},{\"@type\":\"BreadcrumbList\",\"@id\":\"https:\/\/ecole601.com\/pt-br\/cours\/#breadcrumb\",\"itemListElement\":[{\"@type\":\"ListItem\",\"position\":1,\"name\":\"In\u00edcio\",\"item\":\"https:\/\/ecole601.com\/pt-br\/home-page\/\"},{\"@type\":\"ListItem\",\"position\":2,\"name\":\"Cours\"}]},{\"@type\":\"WebSite\",\"@id\":\"https:\/\/ecole601.com\/pt-br\/#website\",\"url\":\"https:\/\/ecole601.com\/pt-br\/\",\"name\":\"Ecole 601\",\"description\":\"O franc\u00eas, com sucesso\",\"publisher\":{\"@id\":\"https:\/\/ecole601.com\/pt-br\/#organization\"},\"potentialAction\":[{\"@type\":\"SearchAction\",\"target\":{\"@type\":\"EntryPoint\",\"urlTemplate\":\"https:\/\/ecole601.com\/pt-br\/?s={search_term_string}\"},\"query-input\":{\"@type\":\"PropertyValueSpecification\",\"valueRequired\":true,\"valueName\":\"search_term_string\"}}],\"inLanguage\":\"pt-BR\"},{\"@type\":\"Organization\",\"@id\":\"https:\/\/ecole601.com\/pt-br\/#organization\",\"name\":\"Ecole 601\",\"url\":\"https:\/\/ecole601.com\/pt-br\/\",\"logo\":{\"@type\":\"ImageObject\",\"inLanguage\":\"pt-BR\",\"@id\":\"https:\/\/ecole601.com\/pt-br\/#\/schema\/logo\/image\/\",\"url\":\"https:\/\/d2kfx7qtx6eao3.cloudfront.net\/wp-content\/uploads\/2022\/11\/02172437\/cropped-601-logo-500-1.png\",\"contentUrl\":\"https:\/\/d2kfx7qtx6eao3.cloudfront.net\/wp-content\/uploads\/2022\/11\/02172437\/cropped-601-logo-500-1.png\",\"width\":512,\"height\":512,\"caption\":\"Ecole 601\"},\"image\":{\"@id\":\"https:\/\/ecole601.com\/pt-br\/#\/schema\/logo\/image\/\"},\"sameAs\":[\"https:\/\/www.facebook.com\/ecole601fr\",\"https:\/\/www.instagram.com\/ecole_601\/\",\"https:\/\/www.youtube.com\/channel\/UCAjAf3oKoKHEkzqqWbwgr5A\"]}]}<\/script>\n<!-- \/ Yoast SEO plugin. -->","yoast_head_json":{"title":"Cours - Ecole 601","robots":{"index":"index","follow":"follow","max-snippet":"max-snippet:-1","max-image-preview":"max-image-preview:large","max-video-preview":"max-video-preview:-1"},"canonical":"https:\/\/ecole601.com\/pt-br\/cours\/","og_locale":"pt_PT","og_type":"article","og_title":"Cours - Ecole 601","og_description":"Les cours :","og_url":"https:\/\/ecole601.com\/pt-br\/cours\/","og_site_name":"Ecole 601","article_publisher":"https:\/\/www.facebook.com\/ecole601fr","article_modified_time":"2024-03-20T17:33:15+00:00","og_image":[{"width":1100,"height":963,"url":"https:\/\/ecole601.com\/wp-content\/uploads\/2023\/01\/presentation-plateforme-ecole-601-1.png","type":"image\/png"}],"twitter_card":"summary_large_image","twitter_misc":{"Est. reading time":"1 minute"},"schema":{"@context":"https:\/\/schema.org","@graph":[{"@type":"WebPage","@id":"https:\/\/ecole601.com\/pt-br\/cours\/","url":"https:\/\/ecole601.com\/pt-br\/cours\/","name":"Cours - Ecole 601","isPartOf":{"@id":"https:\/\/ecole601.com\/pt-br\/#website"},"datePublished":"2024-03-19T12:00:03+00:00","dateModified":"2024-03-20T17:33:15+00:00","breadcrumb":{"@id":"https:\/\/ecole601.com\/pt-br\/cours\/#breadcrumb"},"inLanguage":"pt-BR","potentialAction":[{"@type":"ReadAction","target":["https:\/\/ecole601.com\/pt-br\/cours\/"]}]},{"@type":"BreadcrumbList","@id":"https:\/\/ecole601.com\/pt-br\/cours\/#breadcrumb","itemListElement":[{"@type":"ListItem","position":1,"name":"In\u00edcio","item":"https:\/\/ecole601.com\/pt-br\/home-page\/"},{"@type":"ListItem","position":2,"name":"Cours"}]},{"@type":"WebSite","@id":"https:\/\/ecole601.com\/pt-br\/#website","url":"https:\/\/ecole601.com\/pt-br\/","name":"Ecole 601","description":"O franc\u00eas, com sucesso","publisher":{"@id":"https:\/\/ecole601.com\/pt-br\/#organization"},"potentialAction":[{"@type":"SearchAction","target":{"@type":"EntryPoint","urlTemplate":"https:\/\/ecole601.com\/pt-br\/?s={search_term_string}"},"query-input":{"@type":"PropertyValueSpecification","valueRequired":true,"valueName":"search_term_string"}}],"inLanguage":"pt-BR"},{"@type":"Organization","@id":"https:\/\/ecole601.com\/pt-br\/#organization","name":"Ecole 601","url":"https:\/\/ecole601.com\/pt-br\/","logo":{"@type":"ImageObject","inLanguage":"pt-BR","@id":"https:\/\/ecole601.com\/pt-br\/#\/schema\/logo\/image\/","url":"https:\/\/d2kfx7qtx6eao3.cloudfront.net\/wp-content\/uploads\/2022\/11\/02172437\/cropped-601-logo-500-1.png","contentUrl":"https:\/\/d2kfx7qtx6eao3.cloudfront.net\/wp-content\/uploads\/2022\/11\/02172437\/cropped-601-logo-500-1.png","width":512,"height":512,"caption":"Ecole 601"},"image":{"@id":"https:\/\/ecole601.com\/pt-br\/#\/schema\/logo\/image\/"},"sameAs":["https:\/\/www.facebook.com\/ecole601fr","https:\/\/www.instagram.com\/ecole_601\/","https:\/\/www.youtube.com\/channel\/UCAjAf3oKoKHEkzqqWbwgr5A"]}]}},"_links":{"self":[{"href":"https:\/\/ecole601.com\/pt-br\/wp-json\/wp\/v2\/pages\/41765","targetHints":{"allow":["GET"]}}],"collection":[{"href":"https:\/\/ecole601.com\/pt-br\/wp-json\/wp\/v2\/pages"}],"about":[{"href":"https:\/\/ecole601.com\/pt-br\/wp-json\/wp\/v2\/types\/page"}],"author":[{"embeddable":true,"href":"https:\/\/ecole601.com\/pt-br\/wp-json\/wp\/v2\/users\/1"}],"replies":[{"embeddable":true,"href":"https:\/\/ecole601.com\/pt-br\/wp-json\/wp\/v2\/comments?post=41765"}],"version-history":[{"count":15,"href":"https:\/\/ecole601.com\/pt-br\/wp-json\/wp\/v2\/pages\/41765\/revisions"}],"predecessor-version":[{"id":42161,"href":"https:\/\/ecole601.com\/pt-br\/wp-json\/wp\/v2\/pages\/41765\/revisions\/42161"}],"wp:attachment":[{"href":"https:\/\/ecole601.com\/pt-br\/wp-json\/wp\/v2\/media?parent=41765"}],"curies":[{"name":"wp","href":"https:\/\/api.w.org\/{rel}","templated":true}]}}